{"id":21,"date":"2023-07-01T10:46:56","date_gmt":"2023-07-01T10:46:56","guid":{"rendered":"https:\/\/fenixhogar.es\/?page_id=21"},"modified":"2024-11-04T21:46:01","modified_gmt":"2024-11-04T21:46:01","slug":"fenix-hogar","status":"publish","type":"page","link":"https:\/\/fenixhogar.es\/index.php\/fenix-hogar\/","title":{"rendered":"F\u00e9nix Hogar"},"content":{"rendered":"<div class=\"\" style=\"\" >\n    \n    <section class=\"u-clearfix u-valign-middle u-section-2\" id=\"carousel_a793\">\n      <img class=\"u-expanded-width u-image u-image-default u-image-1\" src=\"https:\/\/fenixhogar.es\/wp-content\/uploads\/2023\/07\/fdfdd-min.png\" alt=\"\" data-image-width=\"1823\" data-image-height=\"1080\">\n      <div class=\"u-container-style u-custom-color-1 u-group u-shape-rectangle u-group-1\">\n        <div class=\"u-container-layout u-container-layout-1\">\n          <h3 class=\"u-align-center u-custom-font u-text u-text-default u-text-1\"> Haz renacer tu hogar<\/h3>\n        <\/div>\n      <\/div>\n    <\/section>\n    <section class=\"u-align-center u-clearfix u-grey-10 u-section-3\" id=\"carousel_348e\">\n      <div class=\"u-expanded-width u-shape u-shape-rectangle u-white u-shape-1\"><\/div>\n      <h2 class=\"u-custom-font u-text u-text-default-lg u-text-default-md u-text-default-xl u-text-palette-2-base u-text-1\"> Reformas y dise\u00f1o<\/h2>\n      <p class=\"u-text u-text-default-lg u-text-default-md u-text-default-xl u-text-2\">Ponemos a tu disposici\u00f3n todos los servicios necesarios para ver renacer tu hogar.<\/p>\n      <div class=\"u-list u-list-1\">\n        <div class=\"u-repeater u-repeater-1\">\n          <div class=\"u-container-style u-list-item u-repeater-item u-white u-list-item-1\">\n            <div class=\"u-container-layout u-similar-container u-valign-top u-container-layout-1\"><span class=\"u-file-icon u-icon u-icon-circle u-palette-2-base u-text-white u-icon-1\"><img src=\"data:image\/png;base64,iVBORw0KGgoAAAANSUhEUgAAAIAAAACACAYAAADDPmHLAAAAAXNSR0IArs4c6QAAE8lJREFUeF7tXQnUdtd0fp7SUm1DVVFVKiISIajQoohSQ81qJkIoTU2JVFukCKEIwjK0xpiJYRE1VJUkaCjRQQe0Wlo1NFV0pDo81hPn\/df3v989+5w7vve+\/7fX+te\/\/v+959xzz37uuefsvZ+9iQNIJP0wgDsCuAOAwwD8WHr8LwP4FIDf9R+SXz9QpoUHwoNK+gEAjwbwGAA\/VHjmfwNwGoDnkPyvbZ+frQeApIMBvAPAES2V+ddeLUh+pmW7RV2+1QCQdA0AHwTwIx218lUANyXpz8NWytYCQNKlAfwRgEN6au5zAG5A0mDYOtlmALwcwHEDaeylJB8yUF+z6mYrASDJ3\/s\/A3CRgWb7fwEcuY2fgm0FwHMAnFhQvjd5703X3AbA1QrX+1Rw0kCAmk032wqAvwXg3X9OTgfwGyS\/7QskfR+AZwA4IWjzWZIlkMxGsbUD2ToASPKOP9qwnQPg50hq5yRJ+h4AZ3vXH0zepbfNSLSNALgmgD8PlHgfkm9o+l3SfQG8Nmh7TZJ\/Wft2LeG6bQTAzQD4Lc+J336\/6btE0s0BfCBoezTJc5eg2NoxbiMAjk5LeW4Obk6yESCSOretnfC5XbcHgB0a2QPA3ODZYTx9lNinbYehzqLJ3gqwtwLMAoiDDaLPW9yn7WAPMHFHeyvA3gowMeRGvl2ft7hP25Efa7Tu91aAvRVgNHBtpOM+b3Gftht52AFuurcC7K0AA8BoRl3UvMUAzgfw4wB+MA39PwB8EcBRXa2IM5qCVkM5EFeArwFwuFiTRL\/5+qwZudWsz+jiAxEAfaZ\/DwB9Zm+KthWfgD7D2ANAn9mboq2kBwJ4xUj3Oo7kGSP1vZFut+oTIOlhAJ4L4KIjzaaDQx9J8rdH6n\/ybrcGAJIeCeB5E83gY0g+a6J7jXqbrQCApGMAvArAVM\/jeMJjSL5uVO1M0PlUEzbao0hyDKAZQJeovMnfJ66gw8L\/MbW5IoBDE3P4ypX9\/GdiDP1V5fWzvGzRAJBk4oeNOtepmN0PAXgcyQ9H10q6CYCnAfjZij7\/OIHg\/yquneUlSwfA8QBeVJjZbwE4nuQr22ggnSa82btYod0vk3xxm77ndO1iAZDIHJ\/fkeShaV7\/FcBtSH60y6RLuiGA3wNwUNDeJuSrkPyfLvfYdJslA+ABAKIz+f8DuBPJd\/aZZEm3BvCuAs\/wfkvdEC4ZAO83wydQ7tNJPraP8ldtJT0zZRfJdfc+krca4l5T97FIAEi6FIALAHxvZsJMDTuEpD8BvUXSJQGYb5hLNOHl\/7Ikv9H7ZhN3sFQA3D4ldMpN19NIPr7px3RstEIb9wwk\/yLT7rdMKA30czuS755Yf71vt1QAnAzgKcHTO6PHxzOKNCvI9LEmOZek2UG7RNJPA4g2kz5iGiSLkqUCwEe6YzMz7eCOg9bZv6trJXUFgNnD\/x4YnM4gOVRGkslAtFQAnJWsdk0T9RmSzgHYKF0B4M4k2XqYyxHwdpJ3mUxzA91oqQD4AwC3yMzBR0jeaCQAnAfAtoEmeT\/JWw6kl8m6WSoAnNHTG8E5rQDvIHmnyTQ30I2WCoBX2xuXmQN\/py85wh7Ac+W+nXW0SV5F0sapRclSAfAEAKcEM30UyU80\/d51DyDp+gA+FtzzZJJPXZT2J\/SfDzovku4M4G1Bp6eS\/M0MAK4XRQUHwDkVQKNtId3HZmenpF2ULHUFsCXQ1r5cHsB\/TpZAJ37uLZKcYPpvAFwu05ndwZfZswT2nur6DgpLuTt6Ckl\/KnqLJC\/tjws6Ooek8wstTha5AniWK6J\/HcBpV7CdRp1Fko927ykEmj6wbbxB5wEN3HDJAHhUigCOpsRMn58n6cid1iLJ+4X3AXChiUhOIDlVQGrr54gaLBIAkuwF\/CyAK1XMhos+PIjkGyuu3XeJpHsDeFllrOE\/pD3H4oJClgoA2wBsC2gjfpMfm9vlrzqSZIKonTptrXr3J\/maNgOaw7WLA4Akj9mZwK\/VcQJdAcRRQs74+ZXUx+VTRRFbF6\/esV9nJ712zgDVsc\/Rmy0RAKVYgNEnLbjB7Uk6fGwxskQAuASMQ7fnKB8kmYs1mON4J2PSDPLwKUrXHrmceBNmXuBYwDYjyPdwevmc3IjkRwZ54Ak6GWuiRhm6JJt\/bQbOyQvTmd0bxFwSiK5j+xcA9wfwCwBMQs3JouICFgMASQ7y8MbNkTlNYsPPoSQ\/J8mbOlcN8VFuCHk9gJNIfkXSVQA4MCTHQHY4+hEkPz3EjcfuY0kAKBWBegPJ++ycsOTBswnXlULb1g8yoBx38NT1o6MkAyIC1ytIPmhs5Q3R\/yIAIMkJnf6u8O29Lsk\/bZqUtCKcWagGsrOpN5r39Buf6c9cxD8JFOBSNAeTNGto1rIUAJiLHxVsei9JF35qFEmmdtlalwsHX2\/nwI8rRd49SS44FZFBnkXSpWpnLbMHQCJlmNIdKS9bBcSzL8kMITN+24ithk8PQGVWUuRoKoKozWDGunYJAPA3PIq0+TjJGwSKMrvX1T9XlcJr5\/KfEunzm0HfPu79TNDh7LkCswaApBrl3Y3kWwMlPRTA79Rqfe26h5J8SdD33QC8Oei7CKKO4xqs2dwBUFKe+XpXJ9mYoCElkHDh5671\/rzx9NEy17+PpD7uRf2HIBpMkx07mi0AKpUXJmeQVHpDdzqDclN4d5Jv6bHCOJTs8ByIOuptsGZzBsDdAbypz\/IqyVw+c\/py4s2h5yDaIJ5P0hHBjVL5mQpBNJg2O3Q0ZwAUlTfELh2ALXelI2LfU0YIog56G6zJLAEgybQv079yUjxiVZzTTyP5a76BpNMA\/GpwvyHsDLcgGRWlHEypbTqaKwBKRpZ9ymt6WEnXTpa63PPZo3dVkl9IAKixNF4vii3sC6I2Shvy2tkBoK3yMgBwbeB7BRP1cpIP3vm7pNa+hrX2vUE0pGJr+5ojAForb00RJW+dffouAr1fgkdJDgXz\/+W8jT4K+sjpo2duQ9gLRLVKG\/K6WQGgwtXaqLw1ADgm4FeCScr66yW93ZnFgrYvJPnwAAC9QTSkcmv6mhsAOisvfcudxMl+gxyD15fdmGRjVJEkm5SddjYnDjH\/SZKmnuVWgV4gqlHakNfMBgCSeikvAeDJABpJoWnSijF7kkoxh08m+cQAAL1BNKSCS33NCQBO+uTkTzkJlSfJb70zh14m6KOYyUvS7VLYeK4bs42uTNK5iHKrQAlEg\/EWSwou\/T4LACTleenO5eHzc4TKk3QCgNODB66K20+8A1PJogTUIRVsCBCVFDfU73MBQC\/lJaqYbe5Rqvdq5k6qPxAxj5xm3nYER\/7skiFANJSCS\/1sHABDKE+So3VdMCInocLWG81xTCVFdv19DgDopbz0tn3SZ\/tgElqzdys+KXYz255gX0LTKmAC62CrUlcFl9ptFABDKG+s723lpjKkgvUFUUl5Q\/y+aQCUeH5D7LjDY1s0iZJ6HSuHANEQSo762DQAXMYlKs2y0TP3RLaJD5G86diKzvW\/MQBU8PxqrG4lqpjP6qaDO6nU6lmd8GnF6llZDF0AymIyiF3NFpudnf7d5t1VkemmeQypYJJ+NNknoqJWG+MTbhIAJZPpC0g+IofcCufNVC9VjX\/iBXPlE24EABXKq\/G8uTysy8TOQUIq2BBOrrEecjIApCDPI9M3\/34utxY81BtJZrl3iSpmt2ypotdY87be738nw1CWCiap5OZ2FtLXAnBZu09OFUQ6GgDSEc8Kvy0A59Bzlm1\/f2vkp0hmuXcVNXxq7jH0NaUopesCqM1W5n2IPZZnu2oZSafEGUUGBUA69pg\/b56e\/1yhw6h\/n6QrdTVKqhdkv0FUyq3DbXs3cVZSO4mydYMq4hRzg\/hSKl\/nfIXvIbnatPYedG8ApKXdb7gtei6YEO2YawbcNwK35h5jXdOXT1gzLhfCdMCsfRVn5fwRNR35ms4ASMWXnCnjHgNm4yjF4F888fycACInDvH22+hjpP\/2cuo3xv9eydczjXcmhPSxzcdEf7a82vjf\/jvKTWiiiYtIWkm5Fcy1jJyKbghx1hJT03xicvKM1tIaAJJsuPl1u2f7ACgz0r4snJDK1Xp21hpI6k0Fk1QivHQd5h8CeIZjGdqkqqsCQNrQ+U132bSaQs1dHsKZPw\/ryfMbvY6vpBJfMaSCpU+m+YSHdJmkijZOkmEgnFkDhCIAUjXtZwPI0qMqBlVzyRA8v3D5rRlE6RpJNZ+hvitZaRg1v\/tT8+hStfQsACT5m+d0685ykQuVrhlIzTVFGrWkEhc\/3IDVDKL2moqEE6W9TA3tvXY40XW2Ur7UrCeSKxP3ftc3AkCSz6zm3DvGvqt4Q+SUrE60ZPLlEUFHYSIFST5lRLSqIlWs60M0tUtHUW82I7tG39OMN3WuUGKPqf9EG9\/S43lvdNcme8IuAEjyt96FGb+\/1GvD718G8LrE6vVbIEm9U6lIcgn3rG0AwOT5ePpSwSpBdCGfMG0+fXKwbu7bEQw+BTksbr9kGvsBQJLTrPl82Salmnl2duw4JMtWq\/2SKfRVniRvOm1By32uNpKRqyJzmZdfWzQbM5f55ekCIkn2ZPplcIUyk1hyBbSb3l97O4\/ZmTp\/36Smyhh+02qVb1er8+mfTtLL4S4ZQnkVOfk2VrJVUskhtSt34c5J6gsiSQ6CPdH1EFoY4AyCW5G0mfm7b5Ukm2xte79sxbLvN+75\/q6TdMROVvoqr8KL5ng8x+U5Pm9ykXQ4AFcbL2YvzQ2uL4iS\/pwW1\/sFu89rVgRvuq\/jPIgrAJyRlpTSJNoE+XCSDrIIZQjlSTLQsly8ZAqNcgeXhtn79wH4hL1BtHqI5GY3vS5XVnfn817IkPYu7dDEio2Wfn\/nTbl6Zo1xIaGyFARhO3ZWeZWRNFmeX2\/NVnYgyXWKbYXLSU1kUyk4JiSlrn1WvBrZUut4xlw+YzfxXu0wA8CK9cU5sfKdiq26KOJEsXRFnl+lDntfNkc+oSS74R0yF8VMnGwAGL3ZatuOumlbEq0imjYMhKykit2BpO0MGxdJpehmO23sKs66cStA1JpPKOk4AM5ZkJMPGwCOYsn57T9KMlcuvbFTSXYHm6QZ8fxC5UkqlYTzxuvI2s\/R2AgZiN9QAyJT07Ok1PXnTONysq1c9NUXDQCHM+UqYDybZJQ8adfcSnLqFZsfcxIqr7Ik3LEk21YNGxUHFfS0sLRcJYgeTDJ6o5v0ESXa\/rYBcAEAhy43yQdI1uwo97WtWMpC5VUQM53YycTMWdXoS8B1nOJPBEgLCaoVIDqX5NFtkCzJJvRcWdsLDICSk6UNq9Yrie3yuRUlVF5lSbgTST63zSRMdW0FFSykqFeAyKv1QbVRQBWAOs8AKBVG9sbFpdGLNXgl2eHjJT4njyeZzco5Fs9vQgB4\/+N4xaheUYlPaIOOS9XnxOVo9ktw1XRhyrV4ViFdzqkGQKkWj\/v3cnt86ftTcSZ2MWfnAGwUSecWqnqcSjJKATOVrrP3kdQ304mPb+8OHuSGJL2xi8bgfdiLClZBW1EPX1kC7SG6a8Xs2WDxMJKOUt0lqUaP49tz4hq+tp83tXXe\/ajcmvP2exfsPctsRZLN6T4FRd7UrBIrNtHXJ3l+Zg59mrPio0xnq6ZvInnPFQCumJbumpIq9i1frYkXn2rz2CWck3MA2E9uT9l+Iskhz9myL34wklG5ttmAQlIp25lDux0+vz4H1ofnKCKLXp6kbfnrbW0BdFhdTQyHQ9f9KfnSTm\/gLyY\/fin6p5Qfx+iPUrWcYsvjCkCSvGG0JdLmy5zYbOm8\/Qbf7EXSwam0XGRed4HqJ602dMnn\/6RClrPPk8wquMJ+4rnz0m\/Lrq2E+\/vYUwdOtJTzvbtenr1v2SOYJC9Bxxe05E2Mq3k77NpHlKsWrg+pYnNERAUVzMP2sdFuWfsLXIDK+7FISokq7Qn0Jtz+nSbxyvsIkl6hLpSmiCD7ll1ipcmRcGeS3llmJZ0EfNwpBpxWKs6IdWDFaPSoynG0uizlPHYgS2lFre23yEJ2R5L8\/fdebV0cB\/AQkvb87pNcTOAtAbxmLfTobJIO7yqKJEcHmSk0hGws4KPv4CXVutlrbvVqksfWXNhg\/PG+zJFAu47yUVTw5ZJJ11U3\/RYeFRE2dw5MkpM1Gv2RVazmWVzty7teO1MWJ2kevGOP9kQ1z2UDmlfBr9ZcnIJ6fV+vPl6x\/eY3np6Ky7Qk++yt\/CiL565xSTIz2FFGXZdAP6yDIp0BbLGSwuIcSBM5x6Ln6\/QJlGRjkkvqhZ\/sIgC6znyFVS\/q2hFHtj4WI4+6jm\/Kdil0zIroWr2smOK26\/OMCQDz21u5kpMfwZFE9n1nCzZ2fdhNtttBtLEtoy2D+jySNx5j\/KMAoKLmj8\/1Zu6afeTvm0kQNgTZOpVj7o7x\/JP3KckMZMf32+Rr34n3ST4Gmnkc2Q1GqTk0FgB8to3cloux6k2FkAr7SWvXfM3YBwdARfo3G5Fs1bPFcE\/SDEhy3gEzi3OudF95kxLZs+2EjgGAkk0\/zKjV9gG26foKjkCjD6HPHAwKgAoU+9vvMqpG+p6szYAknxJMcsntBUzKsSOukYnVZUIHBYAHkEBwEoBfanCJvp6kyY17kpmBDJvKij8TwClR1bIukzo4AFaDSH5xV+8yd807XNuyHckbRQx1eYatarNGN3M0loNATcjJ5iDsMwGjAWAHEGwWNgiuQHIumT37zNnobZMPwUE3Jt5WmX+7Duo7yzVWdDyN2uYAAAAASUVORK5CYII=\" alt=\"\"><\/span>\n              <h4 class=\"u-custom-font u-text u-text-3\">Architectura<\/h4>\n              <p class=\"u-text u-text-4\">Nuestro arquitecto te aconsejar\u00e1 y te guiar\u00e1 en la reforma de tu vivienda.<\/p>\n            <\/div>\n          <\/div>\n          <div class=\"u-container-style u-list-item u-repeater-item u-video-cover u-white\">\n            <div class=\"u-container-layout u-similar-container u-valign-top u-container-layout-2\"><span class=\"u-file-icon u-icon u-icon-circle u-palette-2-base u-text-white u-icon-2\"><img src=\"data:image\/png;base64,iVBORw0KGgoAAAANSUhEUgAAAIAAAACACAYAAADDPmHLAAAAAXNSR0IArs4c6QAACzFJREFUeF7tnWvMZtcUx\/\/\/1m0EoXVNE4aqCglal1J1m5kPStSk1WlVI9HiA6JTQYxrWw0N0csHaYSiibakmrrFXWQqKEIrrnGpSFyCUUwjDNUl6+1+3nne5z3PPmufvc\/tOWsn82XeffbZz\/r99+WsvffahKfOLSAiDwJwDoDTANwPwM8AvIPkV7uuDLt+4ZTfJyJbAbwewFkAtizY4g4Azyf5xS5t5ALowNoi8kgAbwDwMgB3jbzyRyQf10GV1l\/hAmjR2iLyZAB7ALwQwCHGV20h+W9j3uxsLoBsE24uQES2AXgzgO2Jxd8G4DCStyc+F80uIiq+1wJ4KYB7A\/gegAtI\/twFUMjSIqK2PCm0+OMaFnsVyTMbPlv5mIjcDcAnAOxcyLAfwDNdAJnWDq3rFJ3FA3hsZnHHkrwps4z1xwP8a4Mwq4r9ggugobWDcU8H8FYARzUsZv6xz5F8QYFy1oowwNds+10AiRYXkXsBODvM6o9IfDyW\/QSS3yxRXqTb31S8C8BocRF5QHDevBrAfY2PWbPdQPJZ1syxfCnwtRwXgMHqIqJd80cAHG7I3iTLiSUcQKnwXQAGVCKyC8BVAO5iyL6Y5T8A\/gFAe49lSSd9TyQpDcpfnPBVzfajxXoPEDGPiLwIwDUN4B8AcCWASwDcUCOAXSR1pt44NWn5s5e5AJaYvSF8\/bb+KICLSP5RRM4FcHGE7K8BHE3yf03p58D3IaAc\/D8DuBzApST\/rsWKiPr8fwXgoRG4Z5P8cF\/wXQAVlk8c838D4D3a6hf99yKin4ofisD9HYAjSeo8ITnltnwfAvLhawkvJ3nFYlEiciiAnwJ4VITsbpKXJZO3O3lmRevkculQ73OAYKbElj8z7mUkd1cIQL8cdEa+LO0DsJXkP1MFkNjyfwjgGwBes+w9LoA7W1TTT72\/qRuY5F\/Xm9udi0LfB3BMBO7bSb6zA\/g7Anxdp6hMkxdABvyZQbWF7SR5q\/6HiJwI4PMRuLrk+zCSKh5zatDyd5DcJyLnhYUqF8CSrrqpk2e+OP0K+ACAm8OWr6dFyL6X5BvN5A+O+VYnj3b7a\/CDIF0AVcZOaPkWb56Vp+70eYT6CKwPNG35c0OSC6Ci5Vs9fApf5wfqBv6kFVok3+UkX2UtJxe+9wAVlk5s+aeS\/Eww5McAvMQKryKfbvNSr98tljJKwHcBLFi6KfxgyLsD+BKApsu25u1epeC7AOYEkAN\/bjy9R1gW1p1AKUmHkmNIqnMomkrCdwEEU5eAP09NRHQo0EWeB9YBDX8\/l+SldXlLw3cBpDl5tJWuj\/kxWCLyeABfM24QeRvJC\/uAP3kBJCzprs32SX7aAErh6xm++9flBWDy+LXR8ueGrWl+Bg4Avh72vKBOJG3Cn2wP4PAPym5yrmCHv7HPmZQASs\/2Qxc6mglf1XAzGQEMoOWnTPhix7XmOW5Y2Kn5MjlWt6QBeAoAdVqZ0kosBzt8UfjfBqAHQZPS6AUwAPgp3\/nFW34YpnTr+TOSyIfMoxbAyMb8VuAHAegys7nbnxfKaAXg8Dd86v0BwEMm0wMMoNtPcfK01vLnvH3nq9dxEgJw+JsxB2+i7lc4NVUEoxoCHH4cr4g8G8DxAO4zl\/MEAE9f9uRoBDAy+I02cKa2Xkv+lXAEOXwL6uo8oxeAw28OP3wijnc52OHnwR+1ABx+PvzRCsDhl4E\/SgE4\/HLwRycAh18W\/qgE4PDLwx+NAEYGv3XfflMphCjlGqJ+PmmMAP1XmXr3BDr8prgPPhfWAvSYux56TUq9CsDhJ7FamllExrca6PDLwA\/jvMYbeHCTEnvpARx+E1TLnxGR8ewIcvhl4YceYBx7Ah1+efhBABqR7MZB7wp2+O3An5UqIioCPReg9xWZN4h2MgcYGfzeNnOIiMYi0m1dClPDzH+cpAaUbpx63w\/g8G3sRESPm+vxdN3SNUsadv4sklfbStmcq1cBOHwbNhHR+4O\/ohdHVDyhItCg0r+3lbYxV28CcPg2XDXwZ4W8kuQHbSUOQAAO34YqdPsabURPIMfSeSTV25ecOu8BHL6NkbHlzwo7n6Tu7UtOnQrA4dv4JMLXQocvAIffGvzhC8Dhtwp\/2AJw+K3DH64ARga\/t508Dcb8RVXVzgFE1qKEdBcixuF30vJNXwEBfnchYhx+p\/BrhwAR6W452OGb4atv3+Lk0QL1ToKTIiVHh4DONoQkhGXR32K6Fy8x8PKgInMsA5Y45usFUycD0F09y1KdANoPEZPQ8mc\/Qi9S2k7yxxFDpQReXln4JA+ISOz28DoBtLsptAH8WhGElm+Nur3S8NVYmQLQ+IDthIjJgL9UBA5\/7V7Bk7Xlz4yUI4C5MsqGiCkAf5MIWoTf506e2Hr+4gi4CX5uDxCbljZeDEqY8N0B4BDD3PhPAM4B8H7jTRsp3f6o4Q9OAAktX2\/aOA3AkwC8xSACa5ZJwR+UAFLhk\/xU+AF6L04JEUwO\/mAE0BT+3CQkVwSThD8IAeTCLyCCycLvXQCl4GeIYNLwexWAiDwHwJfDBcmxSVrKvXpPCBcY6E2bdWny8PsWwNcBqAOhJHz18B1eRx6Aww9GKuEIqrJ3rR9ARPQI0nxw4apyziSpESiiSUS05bcBfyybOSqdPHV2K9UDNAoRIyK\/AHBUTSV1s8FzSe5fli\/Rw2fa5x5Cn6w8\/FwBZIWIEZF3A3iTQaXfCiK4bTGvt\/zNvn2DPTdkyRkCskLEiIgeJdaua5uh0ptE4PDz4RfoAfJCxIjIPcOulO0GEawPB97tl4FfQAD5IWKCCD6b0BPosHF9C7P9SYz5FcNozoaQMnsCE3sCQ2exlsUnfAZLZc4ByoWIKSwCh2+AnzsEhOfLhYgpJIIU+KNfzzdyXpotpweIvbvWERT5rk+ZGC4W4\/ATFTE4AYRupYkIHH4i\/BJDQKQh590ZlDgcOPwG8ActgISewOE3hD94ARhEsIrwM3AWf7T2dHBrQ8B8wSKi6\/sXATgDgJ59+yWAd5G8su4nhwWLPmf7GoRx70IcvrpqD+XvwxDAghi2kPyXxUJ9ww892OkArrHUd4B5hicAq5GGAD8I4H0AXmet98DymYbYqjo39gOUMMBQ4AcB7NHhqsTv6qGMcQWKDAbXA4u9LewsQhKRIwH8JCWSdg+gq175FwCPIbkvVp\/OQ8TUVGZQ8Gd1FRGdvF4BwLJZdQj8Ff4ZJHWb3dLUeYiYMcKfE8ERAJ4HYCuAQ4dAuaIOtwP4rS6317X80NuWWQ7ONUbfe\/hy6z\/W5zsLETPmlj9WuJZ6i0j7IWIcvgVFP3myNoXmVtm7\/VwL5j8fGLQTIsZbfj6grkoQkbIhYgzwe\/Ptd2XUsb+nFU\/gkDx8YwfUdv2LC6CtMX\/Bk3UrAL0j50KS\/7UaKdRNo5S8AsBhAL6rcYlI3mQtI3xXzwdeHnVdigqgZfhVwY6vJbnLCk9E1PW8eIW6Hmt\/qlUEEa\/aKOtSTABtwTd4sraR1CPs0SQieqppmct0L8m6I\/Br5dcEXh5jXfL2BAajtOrbr\/Fk7SGpm1DqBBBb7TtA0uT\/X8G65AmgiwlfiS3RtV0dabomd3J1GcKn3uSMPiQxLhNAFy1\/9m4XQDWFTuxS9erECZ+Gir0YQHTDQs0QHhvjdWIXXQ8PZe8AoP+WJUsQDH12UnXZNC6KiMb9vQ7AzrqJl\/99\/BaoEsBuAJeM\/6f5L7BYoEoAPwCgR409TcACVQK4BcDDJ\/Db\/ScCB6oEcDWAF7t1JmGBvVUCeDSA7xiCR07CQiv8I3WN5LhK71iI\/qWfQ8e7EFZOAnpP0Y3hWr+b\/w9jMHDzd+dFdwAAAABJRU5ErkJggg==\" alt=\"\"><\/span>\n              <h4 class=\"u-custom-font u-text u-text-5\">Soluciones<\/h4>\n              <p class=\"u-text u-text-6\">Soluciones de reestructuraci\u00f3n de espacios y en reparaciones<\/p>\n            <\/div>\n          <\/div>\n          <div class=\"u-container-style u-list-item u-repeater-item u-video-cover u-white\">\n            <div class=\"u-container-layout u-similar-container u-valign-top u-container-layout-3\"><span class=\"u-file-icon u-icon u-icon-circle u-palette-2-base u-text-white u-icon-3\"><img src=\"data:image\/png;base64,iVBORw0KGgoAAAANSUhEUgAAAIAAAACACAYAAADDPmHLAAAAAXNSR0IArs4c6QAACWZJREFUeF7tnWvoJ1MYx79ft1i5lBdy17q3L7xC20ZhCynWnRB5wSu1CmFfKGnLCyReoLxyvxO5FIXci6LclbRs8kot6+7RszvD7Oz8fuc8M+c3c87Mmfq\/+c8z5zzn+X7Oc86cMzM\/Ih+TjgAn3frceEwWABFZBeDOgoErST4zRR4mCYCInAPgIQDbFaL\/DeBSkg9MDYLJAdAgfqn5JCGYFABzxJ8sBJMBQETOA6Apvkz7KvpfhfL1\/11E8tEpDAeTAGBGz9eUfwmA3wE8XANjMsPB6AGYJz7JB7WXi8jZU4Vg1AD4iF+m+alCMFoALOJPGYJRAtBG\/KlCMDoAuog\/RQhGBUAI8acGwWgAmHOf33hP77MXYC0zxXWDUQBg7fmWvYCx3x0kD0AA8Z3LwGOGIGkAAoo\/WQiSBcA6PofYC7DWmcKcIEkAAvX8VnsBYxsOkgMgpPht9wLGBEFSACxC\/Lb3\/WOBIBkAFin+lCFIAoA+xJ8qBNED0Kf4U4QgagCGEH9qEEQLwJDiTwmCKAGIQfypQBAdADGJPwUIogIgRvHHDkE0AMQs\/pghiAKAFMQfKwSDA5CS+GOEYFAAUhR\/bBAMBkDK4o8JgkEAGIP4Y4GgdwDGJP4YIOgVgDGKnzoEvQEwtPgiom09FsDJAFYAWApgbwC\/APgZwKcAPgDwFID3SYr1mT7rQyJWe6s\/Pva9ADCk+CKyjX7\/B8DVAI7wCQqALwDcrK+Mk9RnB70Pq6hWe29HPA0XDsDA4qvg9wFY7hmPutl7APTNoq8t11tFtdpbfHHZLhSAgcU\/EcCTAHZzBcFxfgOAM0m+YinHKqrV3uLLPNuFARCB+C8A2KHW+D+KMV7HeR3v1wPQFL8fgKMAnA5Avxayfe263wCsIvmyJfBWUa32Fl9m2S4EgIHF17T\/TkPPf0LnASS\/nRc4EVEY7gBwRs3uJ4VkbMNBcAAGFl8nfG\/Wxvx\/AKwmWX4V1KvjiMhqALcC0DLLQ+cEy613CNaebbX3atAMo6AADCm+tk9ELismfdXm6mdg72oTpAKC22vXXtzmi6JWUa32bdqn1wQDIALxtS2f1G71niCpn4VtfYiIzheqw8GnJJe1KdAqqtW+jU9BABha\/KL3Hwfg9UoQdOJ2KMl1bQJTXiMi+wPQ28DqxHAFybfblGsV1Wpv9akzADGIXwCwFsD1lQA8QvICa0Ca7EXkEQD6pdHyWEtyTduyraJa7S1+dQIgFvELALT3axYoj\/NIPmYJxixbEVGQ9Ovi5fEayeO7lG0V1Wrv61trAGISvwBAU\/2+lYYvJfmNbyDm2YnIwQC+qtisI6lDQ6fDKqrV3se5VgDEJn4BgH7zt7rws4Tkrz5BcNmIyE4ANlbsNpLc2XWdz3mrqFZ7lw9mAGIUvwBAd\/WWVBq8K0ldxu18iIiKrTuG5bGB5K6dCy4KsIpqtZ\/npwmAWMUvANBl3b0qjT2cpO7qdT5E5BAAX1YK+pyk786iV\/1WUa32s5zwBiBm8QsAXgVwQqWhuou36WvgXY\/i20B6J1Aer5Jc2bXc+vVWUa32Tf56ARC7+AUAtwC4ttLIx0meG0KkhtvAG0neFKLsoSFwApCC+AUAxwB4txLQPwEsI1mdvZs1E5EDivRfnWAeSfJjc2GeF1h7ttW+6sZcAFIRvwBA2\/IZgMMqDXyGZH1Xz1OGzWYhl4ItFVtFtdqXvswEICXxy8aIyEUA7q8F+jqSOjyYjxmbQWf09RuDVlGt9hqQRgBSFL\/ordsCeAuADgflodvBN1ghEJGriu3gaozeJKkPlvZ2WEW12m8FQKriV7KArtp9CGCXmkrPArjGNScQkQMB3NbwQMiPAI52PVCyCDKsolrstwAgdfErEOgt2nMAdqwJohNDBUH\/9JEwXT7WDLFnkTXOLB4Lqz9KpquMK0nqwyaDHBZRi2zo9UNY\/wEgItp4\/a286m\/oWRurv8MXxW\/uichJAPTefXdrI2r22vPPGlL8CthNv31obZ5qdC7Jp7eYA4jID0VPsBZY2kcjfm040B+LrM4JLO3THq9Az32O0FJgV9sZH6y2Frue5D51AOpLqdZCz4\/x1zaLN4Iu1Img4cUQfUtoTV+zfWugG1YmrUV8T3LTzml1CDgNwN219XTvgkk6F5W8C1uQoYjoK2GnFK+GHQRgj2IOoHMB7QBv6PyA5EcLciFYsSJifnWtqFzbeQXJ57cAwOpZ3YEUALC2MWb7UPFv3WtDORBzkGP2LVT8MwAxqzzHtwxAosKFcjsDECqSiZaTAUhUuFBuZwBCRTLRcjIAiQoXyu3kABCRUwHcA2DTEmSPx3cALif5YrXOAf2xNn2W\/1ssBLVdh+ntNlBE6i9uWAPRxX6rFzkG9sfalib\/kwOg7dKlNViN9vUe0mEpNYg\/1kJc\/qeQATIAVtUr9qMDoC2xvjF0TZJc533rKe36Li9UfX3OAYKMWb7CuALkOu9bTwagiICrR4cOuEsgV32u867y6+f7Li9UfTkDeALsAiKUIL4ZJVR9GYAMgIvt5vNWAq327bz6\/ypXfa7z1vr7Li9UfTkD5AxgZX2zvZVAq307r3IGsMYtZ4CcAazM5AzQFLHQGc5Vnuu8r6o5A\/hGamC7vBRsFMDVQ\/Jm0OaARpMBXIIZ9XdOUjMAGYBBdyetQI9+CBg6A7j2MlyCpep\/HgLybaCL7X6WglPtQWV0UvU\/Z4CcAXIG2HQ71PH19pwBHAF0Bch13oqpqzzX+dD1hS4vlP\/RDAHWALnsXQFynXeVXz\/fd3mh6ssA5DmAlfW8GZQ3g\/LzAFsxECol+95WhqovDwHtEmDvV41+KTh0RF09JG8GRbYZNAAAQ76sam3u+F4O7brw4oqgRwbQ7wXeW\/upOVexQ5xXUPX19peqlbva5+voZOcAvgGK1S4D4FAmVIAyADMiYA2w1b5r4Puur6u\/1utDtS8PAdbIR2KfAchDQJDX7XMGiKRHW93IGSBngJwB5jEQqodYe2Zf9qHa5z0EJPRdvb40iLWexu8KznLWAkBKS6exitOXX1stHYcAIKkXKfqKdKz1+C61WzJABiBWtRv8WjgAvhUkFLOkXW07KWydATIAcfGSAYhLj969yQD0HvK4KuwdgLian72pR8B3iG49B8ghjzsCiwAgLwTFrXnVu4UsBKXyDF06Mi3G08ZnCDuvBC7G11zq0BHwngMM7WiufzER+BfwcUYXPH8sWwAAAABJRU5ErkJggg==\" alt=\"\"><\/span>\n              <h4 class=\"u-custom-font u-text u-text-7\">Dise\u00f1o<\/h4>\n              <p class=\"u-text u-text-8\">Dise\u00f1a tu hogar de la mano de expertos con mas de 20 a\u00f1os en el sector<\/p>\n            <\/div>\n          <\/div>\n          <div class=\"u-container-style u-list-item u-repeater-item u-video-cover u-white\">\n            <div class=\"u-container-layout u-similar-container u-valign-top u-container-layout-4\"><span class=\"u-icon u-icon-circle u-palette-2-base u-text-white u-icon-4\"><svg class=\"u-svg-link\" preserveAspectRatio=\"xMidYMin slice\" viewBox=\"0 0 512 512\" style=\"\"><use xlink:href=\"#svg-6b29\"><\/use><\/svg><svg class=\"u-svg-content\" viewBox=\"0 0 512 512\" id=\"svg-6b29\"><path d=\"m256 0c-103.526 0-187.751 84.225-187.751 187.751 0 32.724 8.551 64.947 24.729 93.188 14.268 24.908 34.195 46.345 57.95 62.421v168.64h210.145v-168.64c23.755-16.076 43.683-37.513 57.95-62.421 16.178-28.241 24.729-60.465 24.729-93.188-.001-103.526-84.226-187.751-187.752-187.751zm-75.072 391.904h150.145v30.048h-150.145zm15.024-189.129c-8.284 0-15.024-6.74-15.024-15.024s6.74-15.023 15.024-15.023 15.023 6.739 15.023 15.023-6.739 15.024-15.023 15.024zm75.072 30v129.129h-30.049v-129.129zm30-45.024c0-8.284 6.739-15.023 15.023-15.023s15.024 6.739 15.024 15.023-6.74 15.024-15.024 15.024-15.023-6.74-15.023-15.024zm-120.096 294.249v-30.048h150.145v30.048zm212.063-215.972c-13.184 23.015-32.116 42.505-54.751 56.363l-7.168 4.389v35.124h-30.048v-129.129h15.023c24.826 0 45.024-20.198 45.024-45.024s-20.198-45.023-45.024-45.023-45.023 20.197-45.023 45.023c0 5.267.917 10.323 2.587 15.024h-35.223c1.67-4.702 2.587-9.757 2.587-15.024 0-24.826-20.197-45.023-45.023-45.023s-45.024 20.197-45.024 45.023 20.198 45.024 45.024 45.024h15.023v129.129h-30.048v-35.124l-7.168-4.389c-22.635-13.858-41.567-33.349-54.751-56.363-13.581-23.709-20.76-50.777-20.76-78.277.001-86.984 70.768-157.751 157.752-157.751s157.751 70.767 157.751 157.751c0 27.5-7.179 54.568-20.76 78.277z\"><\/path><\/svg><\/span>\n              <h4 class=\"u-custom-font u-text u-text-9\"> Restauraci\u00f3n<br>\n              <\/h4>\n              <p class=\"u-text u-text-10\">Si tu hogar no necesita un cambio y solo revitalizarlo, tambi\u00e9n somos tu mejor opci\u00f3n.<\/p>\n            <\/div>\n          <\/div>\n        <\/div>\n      <\/div>\n    <\/section>\n    <section class=\"u-clearfix u-grey-5 u-section-4\" id=\"carousel_5ebb\">\n      <div class=\"u-clearfix u-sheet u-sheet-1\">\n        <div class=\"u-clearfix u-expanded-width u-layout-wrap u-layout-wrap-1\">\n          <div class=\"u-gutter-0 u-layout\">\n            <div class=\"u-layout-row\">\n              <div class=\"u-container-style u-layout-cell u-palette-2-base u-size-20 u-layout-cell-1\">\n                <div class=\"u-container-layout u-container-layout-1\">\n                  <div class=\"u-image u-image-circle u-image-1\" alt=\"\" data-image-width=\"4200\" data-image-height=\"3000\" style=\"background-image: url(&quot;https:\/\/fenixhogar.es\/wp-content\/uploads\/2023\/07\/21-0.jpeg&quot;);\"><\/div>\n                  <h6 class=\"u-align-justify u-custom-font u-font-montserrat u-text u-text-1\">mision<\/h6>\n                  <p class=\"u-align-justify u-custom-font u-font-montserrat u-text u-text-2\"> Satisfacer las necesidades de clientes que quiere ver su hogar resurgir. Hogares en los que han pasado sus mejores momentos y se han deteriorado con el tiempo o ya no cubren los requerimientos de la familia. Y si eres inversor, tambi\u00e9n podemos ayudarte en&nbsp; restaurar viviendas para alquilar o vender.<\/p>\n                <\/div>\n              <\/div>\n              <div class=\"u-align-left-xs u-container-style u-layout-cell u-size-20 u-white u-layout-cell-2\">\n                <div class=\"u-container-layout u-valign-bottom-lg u-valign-bottom-md u-valign-bottom-sm u-valign-bottom-xl u-container-layout-2\">\n                  <h6 class=\"u-align-left-lg u-align-left-md u-align-left-sm u-align-left-xl u-custom-font u-font-montserrat u-text u-text-3\">METAS<\/h6>\n                  <p class=\"u-align-justify-lg u-align-justify-md u-align-justify-sm u-align-justify-xl u-custom-font u-font-montserrat u-text u-text-4\"> Dar una nueva oportunidad a la infinidad de inmuebles que han quedado obsoletos o deteriorados con el paso de los a\u00f1os. Conservar el encanto de lo antiguo con las comodidades y prestaciones del futuro.<\/p>\n                  <div class=\"u-image u-image-circle u-image-2\" alt=\"\" data-image-width=\"150\" data-image-height=\"112\" style=\"background-image: url(&quot;https:\/\/fenixhogar.es\/wp-content\/uploads\/2023\/07\/21-0-1.jpeg&quot;);\"><\/div>\n                <\/div>\n              <\/div>\n              <div class=\"u-container-style u-layout-cell u-palette-5-dark-3 u-size-20 u-layout-cell-3\">\n                <div class=\"u-container-layout u-valign-top-md u-valign-top-sm u-valign-top-xs u-container-layout-3\">\n                  <div class=\"u-image u-image-circle u-image-3\" alt=\"\" data-image-width=\"800\" data-image-height=\"710\" style=\"background-image: url(&quot;https:\/\/fenixhogar.es\/wp-content\/uploads\/2023\/07\/ghghghh.jpg&quot;);\"><\/div>\n                  <h6 class=\"u-align-justify u-custom-font u-font-montserrat u-text u-text-5\">valores<\/h6>\n                  <p class=\"u-align-justify u-custom-font u-font-montserrat u-text u-text-6\"> F\u00e9nix Hogar piensa en el planeta que quedar\u00e1 para nuestros hijos y nietos, por ello, entendemos la necesidad de conservarlo. En F\u00e9nix Hogar nos preocupamos por la importancia de la eficiencia energ\u00e9tica de los hogares para disminuir la huella de carbono como consecuencia de un consumo energ\u00e9tico excesivo.<\/p>\n                <\/div>\n              <\/div>\n            <\/div>\n          <\/div>\n        <\/div>\n      <\/div>\n    <\/section>\n    <section class=\"u-align-center u-clearfix u-palette-5-dark-3 u-section-5\" id=\"carousel_a4e3\">\n      <div class=\"u-clearfix u-sheet u-sheet-1\">\n        <h2 class=\"u-custom-font u-text u-text-default u-text-1\">SERVICIOS INTEGRADOS<\/h2>\n        <div class=\"u-clearfix u-layout-wrap u-layout-wrap-1\">\n          <div class=\"u-layout\">\n            <div class=\"u-layout-row\">\n              <div class=\"u-container-style u-layout-cell u-size-30 u-layout-cell-1\">\n                <div class=\"u-container-layout u-valign-top u-container-layout-1\">\n                  <p class=\"u-text u-text-2\">Alba\u00f1iler\u00eda, electricidad, fontaner\u00eda, carpinter\u00eda, instalaci\u00f3n clim\u00e1tica, carpinter\u00eda de hierro, aluminio y pvc, servicio de arquitectura y dise\u00f1o, reparaci\u00f3n de humedades, impermeabilizaci\u00f3n de cubiertas... Todos los servicios necesarios para ver renacer tu hogar.<\/p>\n                <\/div>\n              <\/div>\n              <div class=\"u-container-style u-layout-cell u-size-30 u-layout-cell-2\">\n                <div class=\"u-container-layout u-container-layout-2\">\n                  <p class=\"u-text u-text-3\">Pide presupuesto sin compromiso, dentro de la gama de calidades con las que trabajaremos te brindaremos diferentes soluciones para que elijas la que m\u00e1s se ajuste a tu presupuesto. Prestamos nuestros servicios por toda la costa mediterr\u00e1nea.<\/p>\n                <\/div>\n              <\/div>\n            <\/div>\n          <\/div>\n        <\/div>\n      <\/div>\n    <\/section>\n    <section class=\"u-clearfix u-palette-2-base u-section-6\" id=\"carousel_ab91\">\n      <div class=\"u-clearfix u-expanded-width u-layout-wrap u-layout-wrap-1\">\n        <div class=\"u-layout\">\n          <div class=\"u-layout-row\">\n            <div class=\"u-container-style u-layout-cell u-right-cell u-shape-rectangle u-size-30 u-white u-layout-cell-1\">\n              <div class=\"u-container-layout u-container-layout-1\">\n                <h2 class=\"u-align-left u-text u-text-default u-text-1\">CONTACTANOS<\/h2>\n                <h4 class=\"u-align-center u-custom-font u-text u-text-2\">Tel\u00e9fono 624 063 789<br>e-mail: gestor@fenixhogar.es\n                <\/h4>\n                <p class=\"u-align-left u-text u-text-3\">Images by <\/p>\n              <\/div>\n            <\/div>\n            <div class=\"u-container-style u-image u-layout-cell u-left-cell u-size-30 u-image-1\" data-image-width=\"1280\" data-image-height=\"853\" style=\"background-image: url(&quot;https:\/\/fenixhogar.es\/wp-content\/uploads\/2023\/07\/3707084322943e04f6deb85295739bd46a261a751302fa861422af7e084d6b9c7e7909bbb11c33957fce77effb9f67b6dfc1930588faf7da7d1672_1280.jpg&quot;);\">\n              <div class=\"u-container-layout u-container-layout-2\"><\/div>\n            <\/div>\n          <\/div>\n        <\/div>\n      <\/div>\n    <\/section>\n    \n    \n  \n<\/div>","protected":false},"excerpt":{"rendered":"<p>Haz renacer tu hogar Reformas y dise\u00f1o Ponemos a tu disposici\u00f3n todos los servicios necesarios para ver renacer tu hogar. Architectura Nuestro arquitecto te aconsejar\u00e1 y te guiar\u00e1 en la reforma de tu vivienda. Soluciones Soluciones de reestructuraci\u00f3n de espacios y en reparaciones Dise\u00f1o Dise\u00f1a tu hogar de la mano de expertos con mas de [&hellip;]<\/p>\n","protected":false},"author":1,"featured_media":0,"parent":0,"menu_order":0,"comment_status":"closed","ping_status":"closed","template":"","meta":[],"_links":{"self":[{"href":"https:\/\/fenixhogar.es\/index.php\/wp-json\/wp\/v2\/pages\/21"}],"collection":[{"href":"https:\/\/fenixhogar.es\/index.php\/wp-json\/wp\/v2\/pages"}],"about":[{"href":"https:\/\/fenixhogar.es\/index.php\/wp-json\/wp\/v2\/types\/page"}],"author":[{"embeddable":true,"href":"https:\/\/fenixhogar.es\/index.php\/wp-json\/wp\/v2\/users\/1"}],"replies":[{"embeddable":true,"href":"https:\/\/fenixhogar.es\/index.php\/wp-json\/wp\/v2\/comments?post=21"}],"version-history":[{"count":10,"href":"https:\/\/fenixhogar.es\/index.php\/wp-json\/wp\/v2\/pages\/21\/revisions"}],"predecessor-version":[{"id":67,"href":"https:\/\/fenixhogar.es\/index.php\/wp-json\/wp\/v2\/pages\/21\/revisions\/67"}],"wp:attachment":[{"href":"https:\/\/fenixhogar.es\/index.php\/wp-json\/wp\/v2\/media?parent=21"}],"curies":[{"name":"wp","href":"https:\/\/api.w.org\/{rel}","templated":true}]}}